{"id":88,"date":"2019-03-04T15:39:16","date_gmt":"2019-03-04T14:39:16","guid":{"rendered":"http:\/\/demo.banlieues.be\/2019\/Hopicontes\/?page_id=88"},"modified":"2023-02-16T11:40:54","modified_gmt":"2023-02-16T10:40:54","slug":"nous-contacter","status":"publish","type":"page","link":"https:\/\/hopiconte.be\/?page_id=88","title":{"rendered":"Nous contacter"},"content":{"rendered":"\n<p class=\"has-background\" style=\"background-color:#eeeeee\"><strong>Hopi\u2019Conte A.S.B.L.&nbsp;<\/strong><br><strong>Si\u00e8ge Social<\/strong>&nbsp;: Avenue Georges Henri, 50 \u2013 1200 Bruxelles<br><strong>Secr\u00e9tariat Email<\/strong>&nbsp;:&nbsp;<a href=\"mailto:info@hopiconte.be\">info@hopiconte.be<\/a><br><\/p>\n\n\n<div class=\"wp-block-image\">\n<figure class=\"alignright is-resized\"><img decoding=\"async\" loading=\"lazy\" src=\"https:\/\/hopiconte.be\/wp-content\/uploads\/2019\/04\/243-1024x768.jpg\" alt=\"\" class=\"wp-image-189\" width=\"334\" height=\"251\" srcset=\"https:\/\/hopiconte.be\/wp-content\/uploads\/2019\/04\/243-1024x768.jpg 1024w, https:\/\/hopiconte.be\/wp-content\/uploads\/2019\/04\/243-300x225.jpg 300w, https:\/\/hopiconte.be\/wp-content\/uploads\/2019\/04\/243-768x576.jpg 768w, https:\/\/hopiconte.be\/wp-content\/uploads\/2019\/04\/243.jpg 1632w\" sizes=\"(max-width: 334px) 100vw, 334px\" \/><\/figure><\/div>\n\n\n<p>Si vous n\u2019\u00eates pas parvenus \u00e0 nous contacter, ne nous en veuillez pas. Notre engagement \u00e0 Hopi\u2019Conte s\u2019ajoute \u00e0 nos activit\u00e9s professionnelles et familiales.<br>Si vous voulez nous joindre, le <a href=\"mailto:info@hopiconte.be\" data-type=\"mailto\" data-id=\"mailto:info@hopiconte.be\">mail<\/a> est la meilleure mani\u00e8re de nous contacter. Nous ne manquerons pas de vous r\u00e9pondre.<br>Par ailleurs, nous ne sommes pas en mesure d\u2019assurer le suivi de stages ou de formations.<\/p>\n","protected":false},"excerpt":{"rendered":"<p>Hopi\u2019Conte A.S.B.L.&nbsp;Si\u00e8ge Social&nbsp;: Avenue Georges Henri, 50 \u2013 1200 BruxellesSecr\u00e9tariat Email&nbsp;:&nbsp;info@hopiconte.be Si vous n\u2019\u00eates pas parvenus \u00e0 nous contacter, ne nous en veuillez pas. Notre engagement \u00e0 Hopi\u2019Conte s\u2019ajoute \u00e0 nos activit\u00e9s professionnelles et familiales.Si vous voulez nous joindre, le<\/p>\n","protected":false},"author":2,"featured_media":0,"parent":2,"menu_order":0,"comment_status":"closed","ping_status":"closed","template":"","meta":[],"_links":{"self":[{"href":"https:\/\/hopiconte.be\/index.php?rest_route=\/wp\/v2\/pages\/88"}],"collection":[{"href":"https:\/\/hopiconte.be\/index.php?rest_route=\/wp\/v2\/pages"}],"about":[{"href":"https:\/\/hopiconte.be\/index.php?rest_route=\/wp\/v2\/types\/page"}],"author":[{"embeddable":true,"href":"https:\/\/hopiconte.be\/index.php?rest_route=\/wp\/v2\/users\/2"}],"replies":[{"embeddable":true,"href":"https:\/\/hopiconte.be\/index.php?rest_route=%2Fwp%2Fv2%2Fcomments&post=88"}],"version-history":[{"count":8,"href":"https:\/\/hopiconte.be\/index.php?rest_route=\/wp\/v2\/pages\/88\/revisions"}],"predecessor-version":[{"id":393,"href":"https:\/\/hopiconte.be\/index.php?rest_route=\/wp\/v2\/pages\/88\/revisions\/393"}],"up":[{"embeddable":true,"href":"https:\/\/hopiconte.be\/index.php?rest_route=\/wp\/v2\/pages\/2"}],"wp:attachment":[{"href":"https:\/\/hopiconte.be\/index.php?rest_route=%2Fwp%2Fv2%2Fmedia&parent=88"}],"curies":[{"name":"wp","href":"https:\/\/api.w.org\/{rel}","templated":true}]}}