{"id":46,"date":"2019-03-04T11:47:56","date_gmt":"2019-03-04T10:47:56","guid":{"rendered":"http:\/\/demo.banlieues.be\/2019\/Hopicontes\/?page_id=46"},"modified":"2019-04-28T10:40:34","modified_gmt":"2019-04-28T08:40:34","slug":"liens","status":"publish","type":"page","link":"https:\/\/hopiconte.be\/?page_id=46","title":{"rendered":"Liens"},"content":{"rendered":"\n<h4><strong>Le Courlieu<\/strong>&nbsp;<\/h4>\n\n\n\n<div class=\"wp-block-image\"><figure class=\"alignleft\"><img decoding=\"async\" loading=\"lazy\" width=\"75\" height=\"150\" src=\"https:\/\/hopiconte.be\/wp-content\/uploads\/2019\/03\/leCourlieu1.jpg\" alt=\"\" class=\"wp-image-101\"\/><\/figure><\/div>\n\n\n\n<p class=\"has-background has-very-light-gray-background-color\">Est un lieu \u00ab\u00a0d\u2019histoires\u00a0\u00bb initi\u00e9 par deux conteuses d&rsquo;Hopi\u2019Conte. Le projet est en lien \u00e9troit avec l\u2019asbl.<br><a rel=\"noreferrer noopener\" href=\"http:\/\/lecourlieu.eklablog.com\/\" target=\"_blank\">lecourlieu.eklablog.com<\/a><\/p>\n\n\n\n<h4><strong>Empathiclown<\/strong>&nbsp;<\/h4>\n\n\n\n<div class=\"wp-block-image\"><figure class=\"alignleft is-resized\"><img decoding=\"async\" loading=\"lazy\" src=\"https:\/\/hopiconte.be\/wp-content\/uploads\/2019\/04\/intro.jpg\" alt=\"\" class=\"wp-image-197\" width=\"203\" height=\"135\" srcset=\"https:\/\/hopiconte.be\/wp-content\/uploads\/2019\/04\/intro.jpg 550w, https:\/\/hopiconte.be\/wp-content\/uploads\/2019\/04\/intro-300x200.jpg 300w\" sizes=\"(max-width: 203px) 100vw, 203px\" \/><\/figure><\/div>\n\n\n\n<p class=\"has-text-color has-background has-very-light-gray-color has-cyan-bluish-gray-background-color\">Accompagne des projets artistiques dans le secteur social. Il ne s\u2019agit ni d\u2019un spectacle, ni d\u2019une animation, juste d\u2019une rencontre durant laquelle le clown utilise ses caract\u00e9ristiques (l\u2019\u00e9coute, l\u2019adaptation, l\u2019humour, la po\u00e9sie et la tendresse) pour partager un moment en t\u00eate-\u00e0-t\u00eate. L\u2019objectif n\u2019est autre que de proposer ce partage d\u00e9cal\u00e9.<br><a rel=\"noreferrer noopener\" href=\"http:\/\/teatrosimonetti.e-monsite.com\/\" target=\"_blank\">http:\/\/teatrosimonetti.e-monsite.com\/<\/a><\/p>\n\n\n\n<h4><strong>Culture &amp; D\u00e9mocratie<\/strong>&nbsp;<\/h4>\n\n\n\n<div class=\"wp-block-image\"><figure class=\"alignleft is-resized\"><img decoding=\"async\" loading=\"lazy\" src=\"https:\/\/hopiconte.be\/wp-content\/uploads\/2019\/04\/historique.jpg\" alt=\"\" class=\"wp-image-196\" width=\"210\" height=\"220\"\/><\/figure><\/div>\n\n\n\n<p class=\"has-background has-very-light-gray-background-color\">est une plateforme de r\u00e9flexion, d\u2019observation, d\u2019\u00e9change et de sensibilisation \u00e0 ce qui lie la culture et la d\u00e9mocratie.<br><a rel=\"noreferrer noopener\" href=\"http:\/\/www.cultureetdemocratie.be\/\" target=\"_blank\">www.cultureetdemocratie.be<\/a><\/p>\n\n\n\n<h4><strong>Les clowns \u00e0 l\u2019h\u00f4pital<\/strong> <\/h4>\n\n\n\n<div class=\"wp-block-image\"><figure class=\"alignleft\"><img decoding=\"async\" src=\"https:\/\/hopiconte.be\/wp-content\/uploads\/2019\/04\/logo-blanc-64.png\" alt=\"\" class=\"wp-image-198\"\/><\/figure><\/div>\n\n\n\n<p class=\"has-text-color has-background has-very-light-gray-color has-cyan-bluish-gray-background-color\">En faisant entrer un monde imaginaire dans la chambre d\u2019h\u00f4pital, dans les couloirs du service, les clowns permettent \u00e0 l\u2019enfant de se recr\u00e9er et \u00e0 l\u2019h\u00f4pital de pr\u00e9senter un visage plus souriant.<br><a rel=\"noreferrer noopener\" href=\"http:\/\/clowns-hopital.be\/contact\/\" target=\"_blank\">www.clowns-hopital.be\/contact<\/a><\/p>\n\n\n\n<h4>L\u2019asbl&nbsp;<strong>Relais Enfants-Parents<\/strong><\/h4>\n\n\n\n<div class=\"wp-block-image\"><figure class=\"alignleft is-resized\"><img decoding=\"async\" loading=\"lazy\" src=\"https:\/\/hopiconte.be\/wp-content\/uploads\/2019\/04\/logo-relais-1.png\" alt=\"\" class=\"wp-image-204\" width=\"231\" height=\"73\" srcset=\"https:\/\/hopiconte.be\/wp-content\/uploads\/2019\/04\/logo-relais-1.png 332w, https:\/\/hopiconte.be\/wp-content\/uploads\/2019\/04\/logo-relais-1-300x95.png 300w\" sizes=\"(max-width: 231px) 100vw, 231px\" \/><\/figure><\/div>\n\n\n\n<p class=\"has-background has-very-light-gray-background-color\">Ind\u00e9pendante de l\u2019administration p\u00e9nitentiaire, a pour objectif de favoriser le maintien de la relation entre un enfant et son parent d\u00e9tenu.<br><a rel=\"noreferrer noopener\" href=\"http:\/\/www.relaisenfantsparents.be\/\" target=\"_blank\">www.relaisenfantsparents.be<\/a><\/p>\n","protected":false},"excerpt":{"rendered":"<p>Le Courlieu&nbsp; Est un lieu \u00ab\u00a0d\u2019histoires\u00a0\u00bb initi\u00e9 par deux conteuses d&rsquo;Hopi\u2019Conte. Le projet est en lien \u00e9troit avec l\u2019asbl.lecourlieu.eklablog.com Empathiclown&nbsp; Accompagne des projets artistiques dans le secteur social. Il ne s\u2019agit ni d\u2019un spectacle, ni d\u2019une animation, juste d\u2019une rencontre<\/p>\n","protected":false},"author":2,"featured_media":0,"parent":0,"menu_order":0,"comment_status":"closed","ping_status":"closed","template":"","meta":[],"_links":{"self":[{"href":"https:\/\/hopiconte.be\/index.php?rest_route=\/wp\/v2\/pages\/46"}],"collection":[{"href":"https:\/\/hopiconte.be\/index.php?rest_route=\/wp\/v2\/pages"}],"about":[{"href":"https:\/\/hopiconte.be\/index.php?rest_route=\/wp\/v2\/types\/page"}],"author":[{"embeddable":true,"href":"https:\/\/hopiconte.be\/index.php?rest_route=\/wp\/v2\/users\/2"}],"replies":[{"embeddable":true,"href":"https:\/\/hopiconte.be\/index.php?rest_route=%2Fwp%2Fv2%2Fcomments&post=46"}],"version-history":[{"count":9,"href":"https:\/\/hopiconte.be\/index.php?rest_route=\/wp\/v2\/pages\/46\/revisions"}],"predecessor-version":[{"id":205,"href":"https:\/\/hopiconte.be\/index.php?rest_route=\/wp\/v2\/pages\/46\/revisions\/205"}],"wp:attachment":[{"href":"https:\/\/hopiconte.be\/index.php?rest_route=%2Fwp%2Fv2%2Fmedia&parent=46"}],"curies":[{"name":"wp","href":"https:\/\/api.w.org\/{rel}","templated":true}]}}