{"id":37,"date":"2019-03-04T11:24:55","date_gmt":"2019-03-04T10:24:55","guid":{"rendered":"http:\/\/demo.banlieues.be\/2019\/Hopicontes\/?page_id=37"},"modified":"2023-02-16T22:04:01","modified_gmt":"2023-02-16T21:04:01","slug":"publications","status":"publish","type":"page","link":"https:\/\/hopiconte.be\/?page_id=37","title":{"rendered":"Publications"},"content":{"rendered":"\n<p class=\"has-background has-medium-font-size\" style=\"background-color:#eeeeee\"><strong><a href=\"https:\/\/hopiconte.be\/?page_id=42\">De l&rsquo;autre c\u00f4t\u00e9 du regard<\/a><\/strong>, <strong><em>2004<\/em><\/strong>, 20 \u20ac <br><strong><a href=\"https:\/\/hopiconte.be\/?page_id=34\">Le saut de la grenouille<\/a><\/strong> , <strong><em>2017<\/em><\/strong>, Hopi\u2019Conte au fil de l\u2019eau, 25 \u20ac<\/p>\n\n\n<div class=\"wp-block-image\">\n<figure class=\"alignleft is-resized\"><img decoding=\"async\" loading=\"lazy\" src=\"https:\/\/hopiconte.be\/wp-content\/uploads\/2019\/03\/grenouille-512x512.png\" alt=\"\" class=\"wp-image-104\" width=\"133\" height=\"133\" srcset=\"https:\/\/hopiconte.be\/wp-content\/uploads\/2019\/03\/grenouille-512x512.png 512w, https:\/\/hopiconte.be\/wp-content\/uploads\/2019\/03\/grenouille-512x512-150x150.png 150w, https:\/\/hopiconte.be\/wp-content\/uploads\/2019\/03\/grenouille-512x512-300x300.png 300w, https:\/\/hopiconte.be\/wp-content\/uploads\/2019\/03\/grenouille-512x512-100x100.png 100w\" sizes=\"(max-width: 133px) 100vw, 133px\" \/><\/figure><\/div>\n\n\n<h4>Pour vous procurer nos ouvrages, vous pouvez : <\/h4>\n\n\n\n<p style=\"font-size:14px\"><strong>Les commander par mail<\/strong> : agatheguillaume@hotmail.com<br>Ils vous seront envoy\u00e9s par la poste sans suppl\u00e9ment de frais d&rsquo;envoi pour la Belgique et avec un suppl\u00e9ment de 5 euros pour la France.<\/p>\n\n\n\n<p><\/p>\n\n\n\n<div class=\"is-layout-constrained wp-block-group\"><div class=\"wp-block-group__inner-container\">\n<div class=\"is-layout-constrained wp-block-group\"><div class=\"wp-block-group__inner-container\">\n<p style=\"font-size:14px\"><strong>L&rsquo;acheter<\/strong> (\u00ab\u00a0Le Saut de la Grenouille\u00a0\u00bb) <strong>dans certaines librairies :<\/strong><br>  <\/p>\n\n\n\n<p style=\"font-size:14px\">   <\/p>\n\n\n\n<p style=\"font-size:14px\"> <\/p>\n\n\n\n<p style=\"font-size:14px\"> <strong>\u00c0 Bruxelles :<\/strong><br>&#8211; Au <em>Rat Conteur<\/em>, rue Saint Lambert, 116 \u00e0 1200 Woluw\u00e9-Saint-Lambert (<a href=\"http:\/\/www.alivreouvert.be\">www.alivreouvert.be<\/a>)<br>&#8211; <em>Once upon a time<\/em>, Place Communale, 21 \u00e0 1630 Linkebeek<br>&#8211; <em>La Licorne<\/em>, Chauss\u00e9e d\u2019Alsemberg, 715 \u00e0 1180 Uccle (<a href=\"http:\/\/www.librairie-lalicorne.be\">www.librairie-lalicorne.be<\/a>)<\/p>\n\n\n\n<p style=\"font-size:14px\">      <strong><strong>\u00c0<\/strong> Marche-en-Famenne :<\/strong> &#8211; A <em>Livre&rsquo;S<\/em>, Av. de France 9, 6900 Marche-en-Famenne (<a href=\"https:\/\/livre-s.be\/\">www.livre-s.be<\/a>)   <\/p>\n\n\n\n<p style=\"font-size:14px\">      <strong>\u00c0 Namur : <\/strong>&#8211; A <em>Papyrus<\/em>, rue Bas de la Place, 16 (<a href=\"http:\/\/www.librairiepapyrus.be\">www.librairiepapyrus.be<\/a>)<\/p>\n\n\n\n<p style=\"font-size:14px\">      <strong>\u00c0 Paris : <\/strong>&#8211; Aux <em>Oiseaux Rares<\/em>, rue Vulpain, 1 \u00e0 75013 Paris (<a href=\"http:\/\/www.lesoiseaux-rares.fr\">www.lesoiseaux-rares.fr<\/a>)<\/p>\n<\/div><\/div>\n<\/div><\/div>\n","protected":false},"excerpt":{"rendered":"<p>De l&rsquo;autre c\u00f4t\u00e9 du regard, 2004, 20 \u20ac Le saut de la grenouille , 2017, Hopi\u2019Conte au fil de l\u2019eau, 25 \u20ac Pour vous procurer nos ouvrages, vous pouvez : Les commander par mail : agatheguillaume@hotmail.comIls vous seront envoy\u00e9s par<\/p>\n","protected":false},"author":2,"featured_media":0,"parent":0,"menu_order":0,"comment_status":"closed","ping_status":"closed","template":"","meta":[],"_links":{"self":[{"href":"https:\/\/hopiconte.be\/index.php?rest_route=\/wp\/v2\/pages\/37"}],"collection":[{"href":"https:\/\/hopiconte.be\/index.php?rest_route=\/wp\/v2\/pages"}],"about":[{"href":"https:\/\/hopiconte.be\/index.php?rest_route=\/wp\/v2\/types\/page"}],"author":[{"embeddable":true,"href":"https:\/\/hopiconte.be\/index.php?rest_route=\/wp\/v2\/users\/2"}],"replies":[{"embeddable":true,"href":"https:\/\/hopiconte.be\/index.php?rest_route=%2Fwp%2Fv2%2Fcomments&post=37"}],"version-history":[{"count":22,"href":"https:\/\/hopiconte.be\/index.php?rest_route=\/wp\/v2\/pages\/37\/revisions"}],"predecessor-version":[{"id":467,"href":"https:\/\/hopiconte.be\/index.php?rest_route=\/wp\/v2\/pages\/37\/revisions\/467"}],"wp:attachment":[{"href":"https:\/\/hopiconte.be\/index.php?rest_route=%2Fwp%2Fv2%2Fmedia&parent=37"}],"curies":[{"name":"wp","href":"https:\/\/api.w.org\/{rel}","templated":true}]}}