{"id":2,"date":"2019-02-16T11:38:41","date_gmt":"2019-02-16T10:38:41","guid":{"rendered":"http:\/\/demo.banlieues.be\/2019\/Hopicontes\/?page_id=2"},"modified":"2023-02-16T21:38:50","modified_gmt":"2023-02-16T20:38:50","slug":"page-d-exemple","status":"publish","type":"page","link":"https:\/\/hopiconte.be\/","title":{"rendered":"Accueil"},"content":{"rendered":"<div class=\"wp-block-image\">\n<figure class=\"alignright is-resized\"><img decoding=\"async\" loading=\"lazy\" src=\"https:\/\/hopiconte.be\/wp-content\/uploads\/2019\/03\/hopi.png\" alt=\"\" class=\"wp-image-108\" width=\"296\" height=\"296\" srcset=\"https:\/\/hopiconte.be\/wp-content\/uploads\/2019\/03\/hopi.png 623w, https:\/\/hopiconte.be\/wp-content\/uploads\/2019\/03\/hopi-150x150.png 150w, https:\/\/hopiconte.be\/wp-content\/uploads\/2019\/03\/hopi-300x300.png 300w, https:\/\/hopiconte.be\/wp-content\/uploads\/2019\/03\/hopi-100x100.png 100w\" sizes=\"(max-width: 296px) 100vw, 296px\" \/><\/figure><\/div>\n\n\n<p class=\"has-background\" style=\"background-color:#eeeeee\"><strong>Hopi\u2019Conte<\/strong> est une association de conteuses-conteurs qui partent \u00e0 la rencontre de l\u2019autre dans des lieux de soin, d\u2019accueil et d&rsquo;enfermement.<\/p>\n\n\n\n<p class=\"has-drop-cap\">Depuis 1993, les conteuses-conteurs d\u2019Hopi\u2019Conte racontent dans les h\u00f4pitaux \u00e0 des enfants, adolescents et \u00e0 leur entourage (parents, fr\u00e8res et s\u0153urs, personnel soignant). Au fil du temps, son action s\u2019est \u00e9tendue \u00e0 d\u2019autres publics fragilis\u00e9s (voir <a href=\"http:\/\/demo.banlieues.be\/2019\/Hopicontes\/?page_id=18\">Objectifs<\/a>)<\/p>\n\n\n\n<p>Ce qui porte le projet, c\u2019est notre int\u00e9r\u00eat au conte et \u00e0 la relation avec ceux qui nous \u00e9coutent. Le conte, pour nous, est une fa\u00e7on de dire la vie qui n\u2019est ni enseignement, ni explication. Il est du domaine de \u00abla po\u00e9tique\u00bb*. Il dit les monstres et les ogres, les princesses et les f\u00e9es qui nous habitent.<\/p>\n\n\n\n<p>Pour nourrir ce moment de rencontre, nous puisons dans notre bagage de contes et de comptines. Ils sont notre outil relationnel avec les publics fragilis\u00e9s. Ils portent un message universel d\u00e9passant tout clivage social ou religieux.<\/p>\n\n\n\n<p>Nous donnons la priorit\u00e9 \u00e0 la relation, intens\u00e9ment pr\u00e9sentes \u00e0 ce qui se passe, se dit, se vit&#8230; Comme le dit Henri Gougaud, conteur et \u00e9crivain fran\u00e7ais,&nbsp;<em>\u00abce qui part du c\u0153ur va toucher le c\u0153ur de l\u2019autre. Le conte s\u2019inscrit dans une relation amoureuse\u00bb<\/em>. Mais c\u2019est le conte qui est premier. Il a sa vie propre. C\u2019est lui qui a envie d\u2019\u00eatre racont\u00e9. Il est comme un oiseau color\u00e9 qui vole et va se poser sur l\u2019\u00e9paule de celui qui lui pr\u00eate son corps, comme un instrument de musique. C\u2019est lui le magicien.<\/p>\n\n\n\n<p>Le chemin que prendra le conte ne nous appartient pas. Le conte est notre alli\u00e9 dans ces rencontres particuli\u00e8res et nous croyons \u00e0 sa libert\u00e9 de faire ce qu\u2019il a \u00e0 faire.<\/p>\n\n\n\n<p>Donner la place au refus et \u00e0 la r\u00e9ticence nous parait essentiel dans des lieux o\u00f9 l\u2019enfant en est souvent priv\u00e9.<\/p>\n\n\n\n<p>Notre d\u00e9marche ressemble souvent \u00e0 celle d\u2019un funambule. La cr\u00e9ation na\u00eet dans le moment subtil de la rencontre. Soudain appara\u00eet un conte, une histoire, une comptine, une danse, une vocalise\u2026 L\u2019improvisation nous permet de rester en lien.<\/p>\n\n\n\n<p>Quand nous racontons \u00e0 un enfant dans une chambre, dans une institution, il quitte son statut de \u00abmalade\u00bb, de \u00abpatient\u00bb, l\u2019enfant devient une personne \u00e0 part enti\u00e8re, peu importe ce qu\u2019il a travers\u00e9. Il est sur le m\u00eame pied que le conte et le conteur, car les trois sont, dans cet instant, indispensables pour que le conte prenne vie.<br>Quelque chose se d\u00e9ploie, s\u2019anime et se transforme.<\/p>\n\n\n\n<p>*<em>La&nbsp;<strong>po\u00e9tique<\/strong>&nbsp;d\u00e9signe l\u2019\u00e9tude et la th\u00e9orisation de la cr\u00e9ation artistique (du grec poiesis, \u00ab cr\u00e9er \u00bb).<\/em><\/p>\n\n\n\n<div class=\"wp-block-media-text alignwide has-media-on-the-right is-stacked-on-mobile\" style=\"grid-template-columns:auto 15%\"><div class=\"wp-block-media-text__content\">\n<p class=\"has-text-align-right has-small-font-size\"><em>Avec le soutien de CERA<\/em><\/p>\n<\/div><figure class=\"wp-block-media-text__media\"><img decoding=\"async\" loading=\"lazy\" width=\"150\" height=\"150\" src=\"https:\/\/hopiconte.be\/wp-content\/uploads\/2019\/07\/cera.png\" alt=\"\" class=\"wp-image-209 size-full\" srcset=\"https:\/\/hopiconte.be\/wp-content\/uploads\/2019\/07\/cera.png 150w, https:\/\/hopiconte.be\/wp-content\/uploads\/2019\/07\/cera-100x100.png 100w\" sizes=\"(max-width: 150px) 100vw, 150px\" \/><\/figure><\/div>\n\n\n\n<div class=\"wp-block-media-text alignwide has-media-on-the-right is-stacked-on-mobile\" style=\"grid-template-columns:auto 15%\"><div class=\"wp-block-media-text__content\">\n<p class=\"has-text-align-right has-small-font-size\"><em>\ufeffAvec le soutien de la Cocof<\/em><\/p>\n<\/div><figure class=\"wp-block-media-text__media\"><img decoding=\"async\" loading=\"lazy\" width=\"162\" height=\"90\" src=\"https:\/\/hopiconte.be\/wp-content\/uploads\/2019\/03\/logo.png\" alt=\"\" class=\"wp-image-114 size-full\"\/><\/figure><\/div>\n","protected":false},"excerpt":{"rendered":"<p>Hopi\u2019Conte est une association de conteuses-conteurs qui partent \u00e0 la rencontre de l\u2019autre dans des lieux de soin, d\u2019accueil et d&rsquo;enfermement. Depuis 1993, les conteuses-conteurs d\u2019Hopi\u2019Conte racontent dans les h\u00f4pitaux \u00e0 des enfants, adolescents et \u00e0 leur entourage (parents, fr\u00e8res<\/p>\n","protected":false},"author":1,"featured_media":0,"parent":0,"menu_order":0,"comment_status":"closed","ping_status":"closed","template":"","meta":[],"_links":{"self":[{"href":"https:\/\/hopiconte.be\/index.php?rest_route=\/wp\/v2\/pages\/2"}],"collection":[{"href":"https:\/\/hopiconte.be\/index.php?rest_route=\/wp\/v2\/pages"}],"about":[{"href":"https:\/\/hopiconte.be\/index.php?rest_route=\/wp\/v2\/types\/page"}],"author":[{"embeddable":true,"href":"https:\/\/hopiconte.be\/index.php?rest_route=\/wp\/v2\/users\/1"}],"replies":[{"embeddable":true,"href":"https:\/\/hopiconte.be\/index.php?rest_route=%2Fwp%2Fv2%2Fcomments&post=2"}],"version-history":[{"count":24,"href":"https:\/\/hopiconte.be\/index.php?rest_route=\/wp\/v2\/pages\/2\/revisions"}],"predecessor-version":[{"id":453,"href":"https:\/\/hopiconte.be\/index.php?rest_route=\/wp\/v2\/pages\/2\/revisions\/453"}],"wp:attachment":[{"href":"https:\/\/hopiconte.be\/index.php?rest_route=%2Fwp%2Fv2%2Fmedia&parent=2"}],"curies":[{"name":"wp","href":"https:\/\/api.w.org\/{rel}","templated":true}]}}