{"id":18,"date":"2019-03-04T11:05:00","date_gmt":"2019-03-04T10:05:00","guid":{"rendered":"http:\/\/demo.banlieues.be\/2019\/Hopicontes\/?page_id=18"},"modified":"2019-10-01T10:41:57","modified_gmt":"2019-10-01T08:41:57","slug":"objectifs","status":"publish","type":"page","link":"https:\/\/hopiconte.be\/?page_id=18","title":{"rendered":"Objectifs"},"content":{"rendered":"\n<p class=\"has-background has-drop-cap has-very-light-gray-background-color\">Dans le conte, on trouve souvent un h\u00e9ros en situation de manque. Il part pour une aventure risqu\u00e9e au cours de laquelle il mobilise toutes ses ressources, accueille ses alli\u00e9s, combat le g\u00e9ant, la sorci\u00e8re, le monstre \u00e0 7 t\u00eates.<\/p>\n\n\n\n<div class=\"wp-block-image\"><figure class=\"alignright\"><img decoding=\"async\" loading=\"lazy\" width=\"1024\" height=\"768\" src=\"https:\/\/hopiconte.be\/wp-content\/uploads\/2019\/03\/IMG-20161106-WA0019-1024x768.jpg\" alt=\"\" class=\"wp-image-71\" srcset=\"https:\/\/hopiconte.be\/wp-content\/uploads\/2019\/03\/IMG-20161106-WA0019-1024x768.jpg 1024w, https:\/\/hopiconte.be\/wp-content\/uploads\/2019\/03\/IMG-20161106-WA0019-300x225.jpg 300w, https:\/\/hopiconte.be\/wp-content\/uploads\/2019\/03\/IMG-20161106-WA0019-768x576.jpg 768w, https:\/\/hopiconte.be\/wp-content\/uploads\/2019\/03\/IMG-20161106-WA0019.jpg 1600w\" sizes=\"(max-width: 1024px) 100vw, 1024px\" \/><\/figure><\/div>\n\n\n\n<p>Dans la vie bouscul\u00e9e de ceux \u00e0 qui nous racontons, les contes sont des points de rep\u00e8re. Ils nous plongent dans la beaut\u00e9 du r\u00eave, la po\u00e9sie, la vive imagination, la capacit\u00e9 de rebondissement. Raconter, \u00e9couter une histoire, c\u2019est l\u2019occasion offerte de partir en voyage, de s\u2019\u00e9vader, de larguer les amarres\u2026 tout en restant dans une chambre close. Paradoxe !<\/p>\n\n\n\n<p>Nos bras sont charg\u00e9s de livres et de diff\u00e9rents objets, mais nous sommes surtout accompagn\u00e9es des innombrables histoires, contes, l\u00e9gendes que nous avons rencontr\u00e9s, aim\u00e9s, relus et finalement dont nous nous sommes empar\u00e9s pour rendre, ne f\u00fbt-ce qu\u2019un instant, plus l\u00e9g\u00e8re la vie de celui \u00e0 qui nous les transmettons. Entendons-nous, notre finalit\u00e9 n\u2019est pas d\u2019apporter de la l\u00e9g\u00e8ret\u00e9 ou de la beaut\u00e9 \u00e0 tout prix, mais d\u2019ajouter \u00e0 la vie de celui que nous rencontrons, un peu de lumi\u00e8re, un zeste d\u2019humour, une pinc\u00e9e de merveilleux, quelques graines de fantaisie, ou une pleine brass\u00e9e d\u2019images et d\u2019odeurs.<\/p>\n\n\n\n<p>Nous racontons dans des lieux o\u00f9 la vie de ceux qui nous \u00e9coutent est bouscul\u00e9e, fragilis\u00e9e par la maladie, le handicap, l\u2019isolement, la d\u00e9tention, l\u2019exil.<\/p>\n\n\n\n<p>Nous avons la conviction que ce lien et la reliance \u00e0 l\u2019imaginaire que suscite le conte, peuvent donner des forces pour affronter, surmonter les d\u00e9fis de la vie.<\/p>\n\n\n\n<p>Raconter une histoire, c\u2019est tisser un lien, un lien qui nourrit la vie tant du conteur que de celui qui l\u2019\u00e9coute.<\/p>\n\n\n\n<p><strong>Lieux o\u00f9 nous racontons:<\/strong><\/p>\n\n\n\n<p>P\u00e9diatries, classes d\u2019enseignement sp\u00e9cial, pouponni\u00e8res, centres de jour pour enfants et adolescents en rupture scolaire, centre d\u2019accueil pour demandeurs d\u2019asile, prisons (lors des visites aux papas)\u2026<\/p>\n\n\n\n<p>Voir <a href=\"https:\/\/hopiconte.be\/?page_id=49\">les cartes des lieux<\/a> (Bruxelles et Wallonie)<\/p>\n","protected":false},"excerpt":{"rendered":"<p>Dans le conte, on trouve souvent un h\u00e9ros en situation de manque. Il part pour une aventure risqu\u00e9e au cours de laquelle il mobilise toutes ses ressources, accueille ses alli\u00e9s, combat le g\u00e9ant, la sorci\u00e8re, le monstre \u00e0 7 t\u00eates.<\/p>\n","protected":false},"author":2,"featured_media":0,"parent":2,"menu_order":0,"comment_status":"closed","ping_status":"closed","template":"","meta":[],"_links":{"self":[{"href":"https:\/\/hopiconte.be\/index.php?rest_route=\/wp\/v2\/pages\/18"}],"collection":[{"href":"https:\/\/hopiconte.be\/index.php?rest_route=\/wp\/v2\/pages"}],"about":[{"href":"https:\/\/hopiconte.be\/index.php?rest_route=\/wp\/v2\/types\/page"}],"author":[{"embeddable":true,"href":"https:\/\/hopiconte.be\/index.php?rest_route=\/wp\/v2\/users\/2"}],"replies":[{"embeddable":true,"href":"https:\/\/hopiconte.be\/index.php?rest_route=%2Fwp%2Fv2%2Fcomments&post=18"}],"version-history":[{"count":7,"href":"https:\/\/hopiconte.be\/index.php?rest_route=\/wp\/v2\/pages\/18\/revisions"}],"predecessor-version":[{"id":221,"href":"https:\/\/hopiconte.be\/index.php?rest_route=\/wp\/v2\/pages\/18\/revisions\/221"}],"up":[{"embeddable":true,"href":"https:\/\/hopiconte.be\/index.php?rest_route=\/wp\/v2\/pages\/2"}],"wp:attachment":[{"href":"https:\/\/hopiconte.be\/index.php?rest_route=%2Fwp%2Fv2%2Fmedia&parent=18"}],"curies":[{"name":"wp","href":"https:\/\/api.w.org\/{rel}","templated":true}]}}